{"id":207,"date":"2017-08-25T11:27:27","date_gmt":"2017-08-25T11:27:27","guid":{"rendered":"http:\/\/www.tiroleredle.at\/impressum\/"},"modified":"2025-08-20T08:22:26","modified_gmt":"2025-08-20T06:22:26","slug":"impressum","status":"publish","type":"page","link":"https:\/\/www.tiroleredle.at\/en\/impressum\/","title":{"rendered":"Impressum"},"content":{"rendered":"<p><strong>Schoko-Laden Haag GmbH<\/strong><br \/>\nMaisengasse 19, 6500 Landeck<br \/>\nUID ATU75556257<br \/>\nMitglied der Wirtschaftskammer \u00d6sterreich<br \/>\nT: +43 5442 62328<br \/>\nmail@tiroleredle.at<\/p>\n<p><strong><br \/>\nfiegl vermittelt<\/strong> schafft mit dieser Website eine Pr\u00e4sentationsplattform f\u00fcr TIROLER EDLE, ein Gemeinschaftsprojekt von Therese Fiegl und Hansj\u00f6rg Haag.<\/p>\n<p><strong>fiegl vermittelt:<\/strong><br \/>\nhochwertige heimische Produkte + innovative Dienstleistungen + Marketingkonzepte + Spa\u00df an der Arbeit + &#8230;\u00a0<a href=\"https:\/\/www.tiroleredle.at\/en\/\">www.tiroleredle.at<\/a> + <a href=\"http:\/\/www.bauernkiste.at\">www.bauernkiste.at<\/a>\u00a0+ <a href=\"http:\/\/www.tirolerreine.at\">www.tirolerreine.at<\/a>\u00a0+ <a href=\"https:\/\/www.tiroleredles.at\/\">www.tiroleredles.at<\/a><\/p>\n<p>Vermittlungsagentur DI Therese Fiegl<br \/>\nH\u00f6henstra\u00dfe 24e, 6020 Innsbruck<br \/>\nUID ATU56901909<br \/>\nMitglieder der Wirtschaftskammer \u00d6sterreich<br \/>\nmail@tiroleredle.at<\/p>\n<p>Auf dieser Website finden Sie an einigen Stellen Links zu anderen Websites. Den Inhalt dieser Sites kann fiegl vermittelt nicht beeinflussen und \u00fcbernimmt insofern keinerlei Verantwortung f\u00fcr diesen.<\/p>\n<p>Inhalt und Struktur der TIROLER EDLE Website sind urheberrechtlich gesch\u00fctzt. Die Vervielf\u00e4ltigung von Informationen oder Daten, insbesondere die Verwendung von Texten, Textteilen oder Bildmaterial, bedarf der vorherigen schriftlichen Zustimmung von fiegl vermittelt. Alle Rechte an den Bildern und Illustrationen liegen bei fiegl vermittelt.<\/p>\n\n<p>Datenschutz<br \/>\nDer sorgf\u00e4ltige Umgang mit Ihren pers\u00f6nlichen Daten ist uns ein besonderes Anliegen und wir m\u00f6chten Ihnen mit dieser Datenschutzerkl\u00e4rung den Umgang und Schutz Ihrer Daten nachfolgend zur Kenntnis bringen:<br \/>\nAlle personenbezogenen Daten, die Sie uns bekannt geben und die wir durch Ihre Nutzung unserer Website erhalten, verarbeiten wir ausschlie\u00dflich zur Einhaltung der geltenden, gesetzlichen Datenschutzbestimmungen, und nur f\u00fcr Zwecke, die unserem Unternehmensgegenstand entsprechen.<br \/>\nDiese Daten werden ohne Ihre ausdr\u00fcckliche Zustimmung nicht an Dritte weitergegeben.<br \/>\nWir weisen darauf hin, dass die Daten\u00fcbertragung im Internet (z.B. bei Kommunikation per E-Mail) Sicherheitsl\u00fccken aufweisen kann. Ein l\u00fcckenloser Schutz der Daten vor dem Zugriff durch Dritte ist nicht m\u00f6glich.<\/p>\n<p><strong><br \/>\nCookies<\/strong><br \/>\nZur Analyse der Benutzung unserer Website wird eine Software eingesetzt. Dabei kommen sogenannte Cookies zum Einsatz. Cookies richten auf Ihrem Rechner keinen Schaden an und enthalten keine Viren.\u00a0Cookies sind Textdateien, die auf Ihrem Rechner abgelegt werden und die Ihr Browser speichert.\u00a0Dies erm\u00f6glicht uns, die Nutzung der Website auszuwerten und unser Angebot benutzerfreundlicher, effektiver und sicherer zu machen.<br \/>\nSie haben das Recht und die M\u00f6glichkeit, unsere Cookies durch \u00c4nderung Ihrer Browsereinstellung abzulehnen. Bei der Deaktivierung von Cookies kann aber die Funktionalit\u00e4t eingeschr\u00e4nkt sein.<\/p>\n<p><strong><br \/>\nDatenschutzerkl\u00e4rung zu Google Analytics<\/strong><br \/>\nDiese Website benutzt Google Analytics, einen Webanalysedienst der Google Inc. (\u201eGoogle&#8221;). Google Analytics verwendet sog. \u201eCookies&#8221;, Textdateien, die auf Ihrem Computer gespeichert werden und die eine Analyse der Benutzung der Website durch Sie erm\u00f6glichen. Die durch den Cookie erzeugten Informationen \u00fcber Ihre Benutzung dieser Website (einschlie\u00dflich Ihrer IP-Adresse) wird an einen Server von Google in den USA \u00fcbertragen und dort gespeichert.<br \/>\nIm Falle der Aktivierung der IP-Anonymisierung auf dieser Website wird Ihre IP-Adresse von Google jedoch innerhalb von Mitgliedstaaten der Europ\u00e4ischen Union oder in anderen Vertragsstaaten des Abkommens \u00fcber den Europ\u00e4ischen Wirtschaftsraum zuvor gek\u00fcrzt. Nur in Ausnahmef\u00e4llen wird die volle IP-Adresse an einen Server von Google in den USA \u00fcbertragen und dort gek\u00fcrzt. Im Auftrag des Betreibers dieser Website wird Google diese Informationen benutzen, um Ihre Nutzung der Website auszuwerten, um Reports \u00fcber die Websiteaktivit\u00e4ten zusammenzustellen und um weitere mit der Websitenutzung und der Internetnutzung verbundene Dienstleistungen gegen\u00fcber dem Websitebetreiber zu erbringen.<br \/>\nGoogle wird in keinem Fall Ihre IP-Adresse mit anderen Daten von Google in Verbindung bringen. Sie k\u00f6nnen die Speicherung der Cookies durch eine entsprechende Einstellung Ihrer Browser Software verhindern; wir weisen Sie jedoch darauf hin, dass Sie in diesem Fall gegebenenfalls nicht s\u00e4mtliche Funktionen dieser Website vollumf\u00e4nglich nutzen k\u00f6nnen. Durch die Nutzung dieser Website erkl\u00e4ren Sie sich mit der Bearbeitung der \u00fcber Sie erhobenen Daten durch Google in der zuvor beschriebenen Art und Weise und zu dem zuvor benannten Zweck einverstanden. Der Datenerhebung und -speicherung kann jederzeit mit Wirkung f\u00fcr die Zukunft widersprochen werden.<br \/>\nAlternativ zum Browser-Add-On oder innerhalb von Browsern auf mobilen Ger\u00e4ten k\u00f6nnen Sie die Erfassung durch Google Analytics innerhalb dieser Website zuk\u00fcnftig zu verhindern, indem Sie das unter dem Link verf\u00fcgbare Browser-Plugin herunterladen und installieren: tools.google.com\/dlpage\/gaoptout<\/p>\n<p><strong><br \/>\nDatenschutzerkl\u00e4rung f\u00fcr die Nutzung von You Tube<\/strong><br \/>\nUnsere Website nutzt Plugins der von Google betriebenen Seite YouTube. Betreiber der Seiten ist YouTube, LLC, 091 Cherry Ave., San Bruno, CA 94066, USA. Wenn Sie eine unserer mit einem YouTube-Plugin ausgestatteten Seiten besuchen, wird eine Verbindung zu den Servern von YouTube hergestellt. Dabei wird dem YouTube-Server mitgeteilt, welche unserer Seiten Sie besucht haben.<br \/>\nWenn Sie in Ihrem YouTube Account eingeloggt sind, erm\u00f6glichen Sie YouTube, Ihr Surfverhalten direkt Ihrem pers\u00f6nlichen Profil zuzuordnen. Dies k\u00f6nnen Sie verhindern, indem Sie sich aus Ihrem YouTube Account ausloggen.<br \/>\nWeitere Informationen zum Umgang von Nutzerdaten finden sie in der Datenschutzerkl\u00e4rung von YouTube unter www.google.de\/intl\/de\/policies\/privacy<\/p>\n<p><strong><br \/>\nAuskunft, L\u00f6schung, Sperrung<\/strong><br \/>\nSie haben jederzeit das Recht auf unentgeltliche Auskunft \u00fcber Ihre gespeicherten personenbezogenen Daten, deren Herkunft und Empf\u00e4nger und den Zweck der Datenverarbeitung sowie ein Recht auf Berichtigung, Sperrung oder L\u00f6schung dieser Daten. Hierzu sowie zu weiteren Fragen zum Thema personenbezogene Daten k\u00f6nnen Sie sich jederzeit unter der im Impressum angegebenen Adresse wenden.<\/p>\n","protected":false},"excerpt":{"rendered":"<p>Schoko-Laden Haag GmbH Maisengasse 19, 6500 Landeck UID ATU75556257 Mitglied der Wirtschaftskammer \u00d6sterreich T: +43 5442 62328 mail@tiroleredle.at fiegl vermittelt schafft mit dieser Website eine Pr\u00e4sentationsplattform f\u00fcr TIROLER EDLE,&hellip;<\/p>\n","protected":false},"author":1,"featured_media":0,"parent":0,"menu_order":0,"comment_status":"closed","ping_status":"closed","template":"page-templates\/template-imprint.php","meta":{"_acf_changed":false,"footnotes":""},"class_list":["post-207","page","type-page","status-publish","hentry"],"acf":[],"_links":{"self":[{"href":"https:\/\/www.tiroleredle.at\/en\/wp-json\/wp\/v2\/pages\/207"}],"collection":[{"href":"https:\/\/www.tiroleredle.at\/en\/wp-json\/wp\/v2\/pages"}],"about":[{"href":"https:\/\/www.tiroleredle.at\/en\/wp-json\/wp\/v2\/types\/page"}],"author":[{"embeddable":true,"href":"https:\/\/www.tiroleredle.at\/en\/wp-json\/wp\/v2\/users\/1"}],"replies":[{"embeddable":true,"href":"https:\/\/www.tiroleredle.at\/en\/wp-json\/wp\/v2\/comments?post=207"}],"version-history":[{"count":2,"href":"https:\/\/www.tiroleredle.at\/en\/wp-json\/wp\/v2\/pages\/207\/revisions"}],"predecessor-version":[{"id":16629,"href":"https:\/\/www.tiroleredle.at\/en\/wp-json\/wp\/v2\/pages\/207\/revisions\/16629"}],"wp:attachment":[{"href":"https:\/\/www.tiroleredle.at\/en\/wp-json\/wp\/v2\/media?parent=207"}],"curies":[{"name":"wp","href":"https:\/\/api.w.org\/{rel}","templated":true}]}}