{"id":17298,"date":"2017-10-10T10:21:46","date_gmt":"2017-10-10T08:21:46","guid":{"rendered":"https:\/\/www.tiroleredle.at\/?post_type=product&#038;p=17298"},"modified":"2026-03-09T18:21:55","modified_gmt":"2026-03-09T17:21:55","slug":"kuhle-edle","status":"publish","type":"product","link":"https:\/\/www.tiroleredle.at\/en\/product\/kuhle-edle\/","title":{"rendered":"DIE KUHLE Milchschokolade 39% mit wei\u00dfer Schokocreme"},"content":{"rendered":"<p>Milchschokolade (Kakao: 39% mindestens) gef\u00fcllt mit 46% wei\u00dfer Schokocreme.<\/p>\n<p><strong>Zutaten:<\/strong> Zucker, Kakaobutter, 18% <em><strong>Vollmilchpulver<\/strong>, 13% <strong>Frischrahm<\/strong><\/em>,\u00a0 Kakaomasse, Fructose-Glucose-Sirup, Emulgator: <em><strong>Soja-Lecithin<\/strong>, <\/em>nat\u00fcrliche Vanille.<\/p>\n<p>Spuren von Schalenobst k\u00f6nnen vorhanden sein.<\/p>\n","protected":false},"excerpt":{"rendered":"<p>Unsere beliebte Kinderschokolade mit einer leckeren wei\u00dfen Schokocreme \u2013 nat\u00fcrlich mit extra viel Frischrahm aus Grauviehmilch und wei\u00dfer Couverture von Domori. Die Ku(h)ltschokolade f\u00fcr Kinder \u2026<\/p>\n<p>50 g<\/p>\n","protected":false},"featured_media":10671,"template":"","meta":{"_acf_changed":false},"product_cat":[595,38,574,575],"product_tag":[],"class_list":{"0":"post-17298","1":"product","2":"type-product","3":"status-publish","4":"has-post-thumbnail","6":"te_product_atts-gefuellt-en","7":"te_product_atts-milk-chocolate","8":"te_product_atts-non-alcoholic","9":"product_cat-tiroler-edle-gefuellt-en-2","10":"product_cat-tiroler-edle-mottoschokoladen-en","11":"product_cat-milk-chocolate","12":"product_cat-non-alcoholic-chocolate","14":"first","15":"instock","16":"shipping-taxable","17":"purchasable","18":"product-type-simple"},"acf":[],"_links":{"self":[{"href":"https:\/\/www.tiroleredle.at\/en\/wp-json\/wp\/v2\/product\/17298"}],"collection":[{"href":"https:\/\/www.tiroleredle.at\/en\/wp-json\/wp\/v2\/product"}],"about":[{"href":"https:\/\/www.tiroleredle.at\/en\/wp-json\/wp\/v2\/types\/product"}],"wp:featuredmedia":[{"embeddable":true,"href":"https:\/\/www.tiroleredle.at\/en\/wp-json\/wp\/v2\/media\/10671"}],"wp:attachment":[{"href":"https:\/\/www.tiroleredle.at\/en\/wp-json\/wp\/v2\/media?parent=17298"}],"wp:term":[{"taxonomy":"product_cat","embeddable":true,"href":"https:\/\/www.tiroleredle.at\/en\/wp-json\/wp\/v2\/product_cat?post=17298"},{"taxonomy":"product_tag","embeddable":true,"href":"https:\/\/www.tiroleredle.at\/en\/wp-json\/wp\/v2\/product_tag?post=17298"}],"curies":[{"name":"wp","href":"https:\/\/api.w.org\/{rel}","templated":true}]}}